{"id":3835,"date":"2023-05-14T17:30:09","date_gmt":"2023-05-14T16:30:09","guid":{"rendered":"https:\/\/ecotic-clima.es\/avis-legal\/"},"modified":"2024-06-16T21:49:36","modified_gmt":"2024-06-16T20:49:36","slug":"avis-legal","status":"publish","type":"page","link":"https:\/\/ecotic-clima.es\/ca\/legal\/avis-legal\/","title":{"rendered":"Av\u00eds legal"},"content":{"rendered":"\t\t<div data-elementor-type=\"wp-page\" data-elementor-id=\"3835\" class=\"elementor elementor-3835 elementor-894\" data-elementor-post-type=\"page\">\n\t\t\t\t<div class=\"elementor-element elementor-element-3ff56812 e-flex e-con-boxed e-con e-parent\" data-id=\"3ff56812\" data-element_type=\"container\" data-e-type=\"container\" data-settings=\"{&quot;background_background&quot;:&quot;classic&quot;}\">\n\t\t\t\t\t<div class=\"e-con-inner\">\n\t\t\t\t<div class=\"elementor-element elementor-element-4c3eb0c2 elementor-widget elementor-widget-heading\" data-id=\"4c3eb0c2\" data-element_type=\"widget\" data-e-type=\"widget\" data-widget_type=\"heading.default\">\n\t\t\t\t<div class=\"elementor-widget-container\">\n\t\t\t\t\t<h3 class=\"elementor-heading-title elementor-size-default\">ECOTIC Clima<\/h3>\t\t\t\t<\/div>\n\t\t\t\t<\/div>\n\t\t\t\t<div class=\"elementor-element elementor-element-34de2fc5 elementor-widget elementor-widget-heading\" data-id=\"34de2fc5\" data-element_type=\"widget\" data-e-type=\"widget\" data-widget_type=\"heading.default\">\n\t\t\t\t<div class=\"elementor-widget-container\">\n\t\t\t\t\t<h2 class=\"elementor-heading-title elementor-size-default\">Av\u00eds legal<\/h2>\t\t\t\t<\/div>\n\t\t\t\t<\/div>\n\t\t\t\t\t<\/div>\n\t\t\t\t<\/div>\n\t\t<div class=\"elementor-element elementor-element-821d58b e-flex e-con-boxed e-con e-parent\" data-id=\"821d58b\" data-element_type=\"container\" data-e-type=\"container\">\n\t\t\t\t\t<div class=\"e-con-inner\">\n\t\t\t\t<div class=\"elementor-element elementor-element-f294bcb elementor-widget elementor-widget-text-editor\" data-id=\"f294bcb\" data-element_type=\"widget\" data-e-type=\"widget\" data-widget_type=\"text-editor.default\">\n\t\t\t\t<div class=\"elementor-widget-container\">\n\t\t\t\t\t\t\t\t\t<p><strong>INFORMACI\u00d3 GENERAL<\/strong><\/p>\n<p>En compliment de l&#8217;article 10 de la Llei 34\/2002, d&#8217;11 de juliol, de serveis de la societat de la informaci\u00f3 i de comer\u00e7 electr\u00f2nic (LSSI-CE), s&#8217;informa que el titular del lloc web <a href=\"https:\/\/www.ecotic-clima.es\/\">https:\/\/www.ecotic -clima.es\/<\/a> ,&nbsp; \u00e9s:<\/p>\n<p>La FUNDACI\u00d3N ECOTIC CLIMA, amb NIF 10836039G i domicili social a l&#8217;av. Diagonal, 467 2n 1a (08036) Barcelona, \u200b\u200binscrita al Registre estatal amb el n\u00famero 2.643.<\/p>\n<p>L&#8217;adre\u00e7a de correu electr\u00f2nic de contacte amb la fundaci\u00f3 \u00e9s: <a href=\"mailto:ecotic@ecotic.es\"> ecotic@ecotic.es.<\/a><\/p>\n<p><strong>OBJECTE<\/strong><\/p>\n<p>Aquesta p\u00e0gina web <a href=\"https:\/\/www.ecotic-clima.es\/\">https:\/\/www.ecotic-clima.es\/<\/a> , propietat de la FUNDACI\u00d3N ECOTIC CLIMA, ha estat creada i dissenyada per donar a con\u00e8ixer i permetre l&#8217;acc\u00e9s general de tots els usuaris d&#8217;internet, a la informaci\u00f3, activitats , productes i serveis oferts per aquesta entitat.<\/p>\n<p>El present av\u00eds legal t\u00e9 com a objecte establir les condicions generals que regulen l&#8217;acc\u00e9s i \u00fas general de l&#8217;esmentada p\u00e0gina web per part de tots els usuaris, de manera que l&#8217;acc\u00e9s i \u00fas d&#8217;aquesta implica necess\u00e0riament la submissi\u00f3 i acceptaci\u00f3 de les condicions generals citades incloses en aquest Av\u00eds legal.<\/p>\n<p><strong>USUARI<\/strong><\/p>\n<p>La utilitzaci\u00f3 d&#8217;aquesta p\u00e0gina web li atribueix la condici\u00f3 d&#8217;usuari d&#8217;aquesta.<\/p>\n<p>Es recomana a l&#8217;usuari que llegeixi atentament i detingudament les condicions i instruccions publicades cada vegada que accedeixi a aquesta p\u00e0gina web, at\u00e8s que l&#8217;acc\u00e9s implica la seva lectura i acceptaci\u00f3. Mitjan\u00e7ant l&#8217;acc\u00e9s a <a href=\"https:\/\/www.ecotic-clima.es\/\">https:\/\/www.ecotic-clima.es\/<\/a> o qualsevol de les seves p\u00e0gines i subdominis i l&#8217;\u00fas d&#8217;aquestes, l&#8217;usuari manifesta de forma expressa, plena i sense reserves que est\u00e0 d&#8217;acord amb les condicions i instruccions publicades a l&#8217;Av\u00eds legal en el moment de l&#8217;acc\u00e9s sense perjudici de l&#8217;aplicaci\u00f3 de la corresponent normativa d&#8217;obligat compliment legal segons el cas.<\/p>\n<p>Qualsevol utilitzaci\u00f3 diferent de l&#8217;autoritzada est\u00e0 expressament prohibida, quedant la FUNDACI\u00d3N ECOTIC CLIMA facultada per denegar o retirar l&#8217;acc\u00e9s i l&#8217;\u00fas del Web, en qualsevol moment, i sense av\u00eds previ, a aquells usuaris que incompleixin aquestes condicions generals.<\/p>\n<p>L&#8217;usuari assumeix la seva responsabilitat en l&#8217;\u00fas correcte del lloc web.<\/p>\n<p>Aquesta responsabilitat s&#8217;estendr\u00e0 a:<\/p>\n<ul>\n<li>La veracitat i licitud de les informacions aportades per l&#8217;usuari als formularis estesos per la FUNDACI\u00d3 ECOTIC CLIMA per a l&#8217;acc\u00e9s a certs continguts o serveis oferts pel web.<\/li>\n<li>L&#8217;\u00fas de la informaci\u00f3, serveis i dades ofertes per la FUNDACI\u00d3N ECOTIC CLIMA contr\u00e0riament al que disposen aquestes condicions, la Llei, la moral, els bons costums o l&#8217;ordre p\u00fablic, o que de qualsevol altra manera puguin suposar lesi\u00f3 dels drets de tercers o del mateix funcionament del lloc web.<\/li>\n<\/ul>\n<p><strong>\u00daS NO AUTORITZAT<\/strong><\/p>\n<p>L&#8217;usuari d&#8217;aquest lloc web es compromet a no fer-ne \u00fas per a fins o activitats il\u00b7legals o il\u00b7l\u00edcites; en conseq\u00fc\u00e8ncia, no podr\u00e0 variar cap dels elements incorporats a la nostra web, copiar, distribuir, transmetre, presentar, realitzar, o en general, reproduir de qualsevol manera, publicar, autoritzar o crear qualsevol treball sobre la base de la informaci\u00f3 o el contingut incorporat al nostre lloc web per la FUNDACI\u00d3 ECOTIC CLIMA, els seus agents, directius, filials i\/o empleats.<\/p>\n<p><strong>POL\u00cdTICA D&#8217;ENLLA\u00c7OS I EXEMPCIONS DE RESPONSABILITAT <\/strong><\/p>\n<p>La FUNDACI\u00d3N ECOTIC CLIMA no es fa responsable del contingut dels llocs web a qu\u00e8 l&#8217;usuari pugui accedir a trav\u00e9s dels enlla\u00e7os establerts al seu lloc web i declara que en cap cas procedir\u00e0 a examinar o exercitar cap tipus de control sobre el contingut de altres llocs de la xarxa. Aix\u00ed mateix, tampoc garantir\u00e0 la disponibilitat t\u00e8cnica, exactitud, veracitat, validesa o legalitat de llocs aliens a la seva propietat als quals es pugui accedir per mitj\u00e0 dels enlla\u00e7os.<\/p>\n<p>La FUNDACI\u00d3N ECOTIC CLIMA declara haver adoptat totes les mesures necess\u00e0ries per evitar qualsevol que fossin els danys als usuaris del seu lloc web, que poguessin derivar-se de la navegaci\u00f3 pel seu lloc web. En conseq\u00fc\u00e8ncia, la FUNDACI\u00d3N ECOTIC CLIMA no es fa responsable, en cap cas, dels danys eventuals que per la navegaci\u00f3 per Internet pogu\u00e9s patir l&#8217;usuari.<\/p>\n<p><strong>MODIFICACIONS<\/strong><\/p>\n<p>La FUNDACI\u00d3N ECOTIC CLIMA es reserva el dret a realitzar les modificacions que consideri oportunes, sense previ av\u00eds, en el contingut del seu lloc web. Tant pel que fa als continguts del lloc web com a les condicions d&#8217;\u00fas del mateix o a les condicions generals de contractaci\u00f3. Aquestes modificacions podran realitzar-se a trav\u00e9s del seu lloc web per qualsevol manera admissible en dret i seran d&#8217;obligat compliment durant el temps en qu\u00e8 es trobin publicades al web i fins que no siguin modificades v\u00e0lidament per altres posteriors.<\/p>\n<p><strong>PROPIETAT INTEL\u00b7LECTUAL I INDUSTRIAL<\/strong><\/p>\n<p>La FUNDACI\u00d3N ECOTIC CLIMA per si mateixa o com a cession\u00e0ria, \u00e9s titular de tots els drets de propietat intel\u00b7lectual i industrial de la seva p\u00e0gina web, aix\u00ed com dels elements continguts a la mateixa (a t\u00edtol enunciatiu, imatges, so, \u00e0udio, v\u00eddeo, programari o textos; marques o logotips, combinacions de colors, estructura i disseny, selecci\u00f3 de materials usats, programes d&#8217;ordinador necessaris per al seu funcionament, acc\u00e9s i \u00fas, etc.), titularitat de La FUNDACI\u00d3N ECOTIC CLIMA Seran, per tant, obres protegides com propietat intel\u00b7lectual per l&#8217;ordenament jur\u00eddic espanyol, i els s\u00f3n aplicables tant la normativa espanyola i comunit\u00e0ria en aquest camp, com els tractats internacionals relatius a la mat\u00e8ria i subscrits per Espanya.<\/p>\n<p>Tots els drets reservats. En cap cas s&#8217;entendr\u00e0 que es concedeix cap llic\u00e8ncia o s&#8217;efectua ren\u00fancia, transmissi\u00f3, cessi\u00f3 total o parcial d&#8217;aquests drets. En virtut del que disposen els articles 8 i 32.1, par\u00e0graf segon, de la Llei de propietat intel\u00b7lectual, queden expressament prohibides la reproducci\u00f3, la distribuci\u00f3 i la comunicaci\u00f3 p\u00fablica, inclosa la seva modalitat de posada a disposici\u00f3, de la totalitat o part dels continguts d&#8217;aquesta p\u00e0gina web, amb finalitats comercials, a qualsevol suport i per qualsevol mitj\u00e0 t\u00e8cnic, sense l&#8217;autoritzaci\u00f3 de la FUNDACI\u00d3N ECOTIC CLIMA.<\/p>\n<p>L&#8217;usuari es compromet a respectar els drets de Propietat Intel\u00b7lectual i Industrial titularitat de la FUNDACI\u00d3 ECOTIC CLIMA Podreu visualitzar els elements del portal i fins i tot imprimir-los, copiar-los i emmagatzemar-los al disc dur del vostre ordinador o en qualsevol altre suport f\u00edsic sempre que sigui, \u00fanica i exclusivament, per a \u00fas personal i privat. Les marques comercials s\u00f3n d&#8217;\u00fas no autoritzat, de manera que no podran usar-se per cap tercer sense el consentiment expr\u00e9s per escrit i signat pels seus propietaris. Igualment, l&#8217;usuari no est\u00e0 autoritzat a utilitzar, en qualsevol altre lloc web, les marques comercials de la FUNDACI\u00d3N ECOTIC CLIMA com a vincles sense el previ consentiment previ per escrit.<\/p>\n<p>Encara que l&#8217;usuari descarregui a la nostra web qualsevol de les aplicacions disponibles amb aquesta finalitat, aix\u00f2 no li atorgar\u00e0 cap dret sobre aquestes, at\u00e8s que la FUNDACI\u00d3N ECOTIC CLIMA nom\u00e9s n&#8217;autoritza l&#8217;\u00fas i en conserva tots els drets.<\/p>\n<p>L&#8217;usuari haur\u00e0 d&#8217;abstenir-se de suprimir, alterar, eludir o manipular qualsevol dispositiu de protecci\u00f3 o sistema de seguretat que estigu\u00e9s instal\u00b7lat a les p\u00e0gines de la FUNDACI\u00d3N ECOTIC CLIMA.<\/p>\n<p><strong>ACCIONS LEGALS, LEGISLACI\u00d3 APLICABLE I JURISDICCI\u00d3<\/strong><\/p>\n<p>La FUNDACI\u00d3N ECOTIC CLIMA es reserva, aix\u00ed mateix, la facultat de presentar les accions civils o penals que consideri oportunes per la utilitzaci\u00f3 indeguda del lloc web i continguts, o per l&#8217;incompliment de les presents condicions.<\/p>\n<p>La relaci\u00f3 entre l&#8217;usuari i el prestador es regir\u00e0 per la normativa vigent i d&#8217;aplicaci\u00f3 en el territori espanyol. En cas de sorgir qualsevol controv\u00e8rsia, se sotmetr\u00e0 als jutjats i tribunals de la ciutat de Barcelona, Espanya.<\/p>\t\t\t\t\t\t\t\t<\/div>\n\t\t\t\t<\/div>\n\t\t\t\t\t<\/div>\n\t\t\t\t<\/div>\n\t\t\t\t<\/div>\n\t\t","protected":false},"excerpt":{"rendered":"<p>ECOTIC Clima Av\u00eds legal INFORMACI\u00d3 GENERAL En compliment de l&#8217;article 10 de la Llei 34\/2002, d&#8217;11 de juliol, de serveis de la societat de la informaci\u00f3 i de comer\u00e7 electr\u00f2nic (LSSI-CE), s&#8217;informa que el titular del lloc web https:\/\/www.ecotic -clima.es\/ ,&nbsp; \u00e9s: La FUNDACI\u00d3N ECOTIC CLIMA, amb NIF 10836039G i domicili social a l&#8217;av. Diagonal, [&hellip;]<\/p>\n","protected":false},"author":2,"featured_media":0,"parent":3837,"menu_order":0,"comment_status":"closed","ping_status":"closed","template":"","meta":{"footnotes":""},"class_list":["post-3835","page","type-page","status-publish","hentry"],"yoast_head":"<!-- This site is optimized with the Yoast SEO plugin v27.4 - https:\/\/yoast.com\/product\/yoast-seo-wordpress\/ -->\n<title>Av\u00eds legal - Ecotic Clima<\/title>\n<meta name=\"robots\" content=\"index, follow, max-snippet:-1, max-image-preview:large, max-video-preview:-1\" \/>\n<link rel=\"canonical\" href=\"https:\/\/ecotic-clima.es\/ca\/legal\/avis-legal\/\" \/>\n<meta property=\"og:locale\" content=\"ca_ES\" \/>\n<meta property=\"og:type\" content=\"article\" \/>\n<meta property=\"og:title\" content=\"Av\u00eds legal - Ecotic Clima\" \/>\n<meta property=\"og:description\" content=\"ECOTIC Clima Av\u00eds legal INFORMACI\u00d3 GENERAL En compliment de l&#8217;article 10 de la Llei 34\/2002, d&#8217;11 de juliol, de serveis de la societat de la informaci\u00f3 i de comer\u00e7 electr\u00f2nic (LSSI-CE), s&#8217;informa que el titular del lloc web https:\/\/www.ecotic -clima.es\/ ,&nbsp; \u00e9s: La FUNDACI\u00d3N ECOTIC CLIMA, amb NIF 10836039G i domicili social a l&#8217;av. Diagonal, [&hellip;]\" \/>\n<meta property=\"og:url\" content=\"https:\/\/ecotic-clima.es\/ca\/legal\/avis-legal\/\" \/>\n<meta property=\"og:site_name\" content=\"Ecotic Clima\" \/>\n<meta property=\"article:modified_time\" content=\"2024-06-16T20:49:36+00:00\" \/>\n<meta name=\"twitter:card\" content=\"summary_large_image\" \/>\n<meta name=\"twitter:label1\" content=\"Temps estimat de lectura\" \/>\n\t<meta name=\"twitter:data1\" content=\"6 minuts\" \/>\n<script type=\"application\/ld+json\" class=\"yoast-schema-graph\">{\"@context\":\"https:\\\/\\\/schema.org\",\"@graph\":[{\"@type\":\"WebPage\",\"@id\":\"https:\\\/\\\/ecotic-clima.es\\\/ca\\\/legal\\\/avis-legal\\\/\",\"url\":\"https:\\\/\\\/ecotic-clima.es\\\/ca\\\/legal\\\/avis-legal\\\/\",\"name\":\"Av\u00eds legal - Ecotic Clima\",\"isPartOf\":{\"@id\":\"https:\\\/\\\/ecotic-clima.es\\\/ca\\\/#website\"},\"datePublished\":\"2023-05-14T16:30:09+00:00\",\"dateModified\":\"2024-06-16T20:49:36+00:00\",\"breadcrumb\":{\"@id\":\"https:\\\/\\\/ecotic-clima.es\\\/ca\\\/legal\\\/avis-legal\\\/#breadcrumb\"},\"inLanguage\":\"ca\",\"potentialAction\":[{\"@type\":\"ReadAction\",\"target\":[\"https:\\\/\\\/ecotic-clima.es\\\/ca\\\/legal\\\/avis-legal\\\/\"]}]},{\"@type\":\"BreadcrumbList\",\"@id\":\"https:\\\/\\\/ecotic-clima.es\\\/ca\\\/legal\\\/avis-legal\\\/#breadcrumb\",\"itemListElement\":[{\"@type\":\"ListItem\",\"position\":1,\"name\":\"Portada\",\"item\":\"https:\\\/\\\/ecotic-clima.es\\\/ca\\\/\"},{\"@type\":\"ListItem\",\"position\":2,\"name\":\"legal\",\"item\":\"https:\\\/\\\/ecotic-clima.es\\\/ca\\\/legal\\\/\"},{\"@type\":\"ListItem\",\"position\":3,\"name\":\"Av\u00eds legal\"}]},{\"@type\":\"WebSite\",\"@id\":\"https:\\\/\\\/ecotic-clima.es\\\/ca\\\/#website\",\"url\":\"https:\\\/\\\/ecotic-clima.es\\\/ca\\\/\",\"name\":\"Ecotic Clima\",\"description\":\"Ecotic Clima\",\"publisher\":{\"@id\":\"https:\\\/\\\/ecotic-clima.es\\\/ca\\\/#organization\"},\"potentialAction\":[{\"@type\":\"SearchAction\",\"target\":{\"@type\":\"EntryPoint\",\"urlTemplate\":\"https:\\\/\\\/ecotic-clima.es\\\/ca\\\/?s={search_term_string}\"},\"query-input\":{\"@type\":\"PropertyValueSpecification\",\"valueRequired\":true,\"valueName\":\"search_term_string\"}}],\"inLanguage\":\"ca\"},{\"@type\":\"Organization\",\"@id\":\"https:\\\/\\\/ecotic-clima.es\\\/ca\\\/#organization\",\"name\":\"Ecotic Clima\",\"url\":\"https:\\\/\\\/ecotic-clima.es\\\/ca\\\/\",\"logo\":{\"@type\":\"ImageObject\",\"inLanguage\":\"ca\",\"@id\":\"https:\\\/\\\/ecotic-clima.es\\\/ca\\\/#\\\/schema\\\/logo\\\/image\\\/\",\"url\":\"https:\\\/\\\/ecotic-clima.es\\\/wp-content\\\/uploads\\\/2022\\\/05\\\/logo_neg.png\",\"contentUrl\":\"https:\\\/\\\/ecotic-clima.es\\\/wp-content\\\/uploads\\\/2022\\\/05\\\/logo_neg.png\",\"width\":163,\"height\":61,\"caption\":\"Ecotic Clima\"},\"image\":{\"@id\":\"https:\\\/\\\/ecotic-clima.es\\\/ca\\\/#\\\/schema\\\/logo\\\/image\\\/\"}}]}<\/script>\n<!-- \/ Yoast SEO plugin. -->","yoast_head_json":{"title":"Av\u00eds legal - Ecotic Clima","robots":{"index":"index","follow":"follow","max-snippet":"max-snippet:-1","max-image-preview":"max-image-preview:large","max-video-preview":"max-video-preview:-1"},"canonical":"https:\/\/ecotic-clima.es\/ca\/legal\/avis-legal\/","og_locale":"ca_ES","og_type":"article","og_title":"Av\u00eds legal - Ecotic Clima","og_description":"ECOTIC Clima Av\u00eds legal INFORMACI\u00d3 GENERAL En compliment de l&#8217;article 10 de la Llei 34\/2002, d&#8217;11 de juliol, de serveis de la societat de la informaci\u00f3 i de comer\u00e7 electr\u00f2nic (LSSI-CE), s&#8217;informa que el titular del lloc web https:\/\/www.ecotic -clima.es\/ ,&nbsp; \u00e9s: La FUNDACI\u00d3N ECOTIC CLIMA, amb NIF 10836039G i domicili social a l&#8217;av. Diagonal, [&hellip;]","og_url":"https:\/\/ecotic-clima.es\/ca\/legal\/avis-legal\/","og_site_name":"Ecotic Clima","article_modified_time":"2024-06-16T20:49:36+00:00","twitter_card":"summary_large_image","twitter_misc":{"Temps estimat de lectura":"6 minuts"},"schema":{"@context":"https:\/\/schema.org","@graph":[{"@type":"WebPage","@id":"https:\/\/ecotic-clima.es\/ca\/legal\/avis-legal\/","url":"https:\/\/ecotic-clima.es\/ca\/legal\/avis-legal\/","name":"Av\u00eds legal - Ecotic Clima","isPartOf":{"@id":"https:\/\/ecotic-clima.es\/ca\/#website"},"datePublished":"2023-05-14T16:30:09+00:00","dateModified":"2024-06-16T20:49:36+00:00","breadcrumb":{"@id":"https:\/\/ecotic-clima.es\/ca\/legal\/avis-legal\/#breadcrumb"},"inLanguage":"ca","potentialAction":[{"@type":"ReadAction","target":["https:\/\/ecotic-clima.es\/ca\/legal\/avis-legal\/"]}]},{"@type":"BreadcrumbList","@id":"https:\/\/ecotic-clima.es\/ca\/legal\/avis-legal\/#breadcrumb","itemListElement":[{"@type":"ListItem","position":1,"name":"Portada","item":"https:\/\/ecotic-clima.es\/ca\/"},{"@type":"ListItem","position":2,"name":"legal","item":"https:\/\/ecotic-clima.es\/ca\/legal\/"},{"@type":"ListItem","position":3,"name":"Av\u00eds legal"}]},{"@type":"WebSite","@id":"https:\/\/ecotic-clima.es\/ca\/#website","url":"https:\/\/ecotic-clima.es\/ca\/","name":"Ecotic Clima","description":"Ecotic Clima","publisher":{"@id":"https:\/\/ecotic-clima.es\/ca\/#organization"},"potentialAction":[{"@type":"SearchAction","target":{"@type":"EntryPoint","urlTemplate":"https:\/\/ecotic-clima.es\/ca\/?s={search_term_string}"},"query-input":{"@type":"PropertyValueSpecification","valueRequired":true,"valueName":"search_term_string"}}],"inLanguage":"ca"},{"@type":"Organization","@id":"https:\/\/ecotic-clima.es\/ca\/#organization","name":"Ecotic Clima","url":"https:\/\/ecotic-clima.es\/ca\/","logo":{"@type":"ImageObject","inLanguage":"ca","@id":"https:\/\/ecotic-clima.es\/ca\/#\/schema\/logo\/image\/","url":"https:\/\/ecotic-clima.es\/wp-content\/uploads\/2022\/05\/logo_neg.png","contentUrl":"https:\/\/ecotic-clima.es\/wp-content\/uploads\/2022\/05\/logo_neg.png","width":163,"height":61,"caption":"Ecotic Clima"},"image":{"@id":"https:\/\/ecotic-clima.es\/ca\/#\/schema\/logo\/image\/"}}]}},"_links":{"self":[{"href":"https:\/\/ecotic-clima.es\/ca\/wp-json\/wp\/v2\/pages\/3835","targetHints":{"allow":["GET"]}}],"collection":[{"href":"https:\/\/ecotic-clima.es\/ca\/wp-json\/wp\/v2\/pages"}],"about":[{"href":"https:\/\/ecotic-clima.es\/ca\/wp-json\/wp\/v2\/types\/page"}],"author":[{"embeddable":true,"href":"https:\/\/ecotic-clima.es\/ca\/wp-json\/wp\/v2\/users\/2"}],"replies":[{"embeddable":true,"href":"https:\/\/ecotic-clima.es\/ca\/wp-json\/wp\/v2\/comments?post=3835"}],"version-history":[{"count":1,"href":"https:\/\/ecotic-clima.es\/ca\/wp-json\/wp\/v2\/pages\/3835\/revisions"}],"predecessor-version":[{"id":3836,"href":"https:\/\/ecotic-clima.es\/ca\/wp-json\/wp\/v2\/pages\/3835\/revisions\/3836"}],"up":[{"embeddable":true,"href":"https:\/\/ecotic-clima.es\/ca\/wp-json\/wp\/v2\/pages\/3837"}],"wp:attachment":[{"href":"https:\/\/ecotic-clima.es\/ca\/wp-json\/wp\/v2\/media?parent=3835"}],"curies":[{"name":"wp","href":"https:\/\/api.w.org\/{rel}","templated":true}]}}