{"id":3853,"date":"2023-05-14T17:32:58","date_gmt":"2023-05-14T16:32:58","guid":{"rendered":"https:\/\/ecotic-clima.es\/legal\/politica-de-privacitat-xarxes-socials\/"},"modified":"2024-06-16T21:53:40","modified_gmt":"2024-06-16T20:53:40","slug":"politica-de-privacitat-xarxes-socials","status":"publish","type":"page","link":"https:\/\/ecotic-clima.es\/ca\/legal\/politica-de-privacitat-xarxes-socials\/","title":{"rendered":"Pol\u00edtica de privacitat xarxes socials"},"content":{"rendered":"\t\t<div data-elementor-type=\"wp-page\" data-elementor-id=\"3853\" class=\"elementor elementor-3853 elementor-899\" data-elementor-post-type=\"page\">\n\t\t\t\t<div class=\"elementor-element elementor-element-7c3a4cd1 e-flex e-con-boxed e-con e-parent\" data-id=\"7c3a4cd1\" data-element_type=\"container\" data-e-type=\"container\" data-settings=\"{&quot;background_background&quot;:&quot;classic&quot;}\">\n\t\t\t\t\t<div class=\"e-con-inner\">\n\t\t\t\t<div class=\"elementor-element elementor-element-1dd46e7b elementor-widget elementor-widget-heading\" data-id=\"1dd46e7b\" data-element_type=\"widget\" data-e-type=\"widget\" data-widget_type=\"heading.default\">\n\t\t\t\t<div class=\"elementor-widget-container\">\n\t\t\t\t\t<h3 class=\"elementor-heading-title elementor-size-default\">ECOTIC Clima<\/h3>\t\t\t\t<\/div>\n\t\t\t\t<\/div>\n\t\t\t\t<div class=\"elementor-element elementor-element-40d22642 elementor-widget elementor-widget-heading\" data-id=\"40d22642\" data-element_type=\"widget\" data-e-type=\"widget\" data-widget_type=\"heading.default\">\n\t\t\t\t<div class=\"elementor-widget-container\">\n\t\t\t\t\t<h2 class=\"elementor-heading-title elementor-size-default\">Pol\u00edtica de privacitat xarxes socials<\/h2>\t\t\t\t<\/div>\n\t\t\t\t<\/div>\n\t\t\t\t\t<\/div>\n\t\t\t\t<\/div>\n\t\t<div class=\"elementor-element elementor-element-318ae91 e-flex e-con-boxed e-con e-parent\" data-id=\"318ae91\" data-element_type=\"container\" data-e-type=\"container\">\n\t\t\t\t\t<div class=\"e-con-inner\">\n\t\t\t\t<div class=\"elementor-element elementor-element-ea8c2fb elementor-widget elementor-widget-text-editor\" data-id=\"ea8c2fb\" data-element_type=\"widget\" data-e-type=\"widget\" data-widget_type=\"text-editor.default\">\n\t\t\t\t<div class=\"elementor-widget-container\">\n\t\t\t\t\t\t\t\t\tLa FUNDACI\u00d3 ECOTIC CLIMA informa els usuaris, que ha creat un perfil a les Xarxes Socials Facebook, Twitter, LinkedIn, Google+ i YouTube, amb la finalitat principal de publicitar els seus productes i serveis.\n\nL&#8217;usuari pot accedir, en tot moment a les pol\u00edtiques de privadesa de la pr\u00f2pia Xarxa Social, aix\u00ed com configurar el seu perfil per garantir-ne la privadesa.\n\nLa FUNDACI\u00d3 ECOTIC CLIMA t\u00e9 acc\u00e9s i tracta aquella informaci\u00f3 p\u00fablica de l&#8217;usuari, especialment el nom de contacte. Aquestes dades, nom\u00e9s seran utilitzades dins de la pr\u00f2pia Xarxa Social. No s\u00f3n incorporades a cap sistema de tractament.\n\nD&#8217;acord amb els drets que us confereix la normativa vigent en Protecci\u00f3 de Dades de Car\u00e0cter Personal podreu exercir els drets d&#8217;acc\u00e9s, rectificaci\u00f3, supressi\u00f3 i oposici\u00f3, exercir-los davant la FUNDACI\u00d3 ECOTIC CLIMA, dirigint la vostra petici\u00f3 a l&#8217;adre\u00e7a postal indicada m\u00e9s amunt o b\u00e9 a trav\u00e9s del correu electr\u00f2nic  <a href=\"mailto:ecotic@ecotic.es\">ecotic@ecotic.es<\/a> d&#8217;acord amb el RGPD, ha de tenir en compte els matisos seg\u00fcents:\n<ul>\n \t<li>Acc\u00e9s: Estar\u00e0 definit per la funcionalitat de la Xarxa Social i la capacitat d&#8217;acc\u00e9s a la informaci\u00f3 dels perfils dels usuaris.<\/li>\n \t<li>Rectificaci\u00f3: Nom\u00e9s es podr\u00e0 satisfer en relaci\u00f3 amb aquella informaci\u00f3 que es trobe sota el control de la FUNDACI\u00d3 ECOTIC CLIMA, per exemple, eliminar comentaris publicats a la pr\u00f2pia p\u00e0gina.<\/li>\n<\/ul>\n<ul>\n \t<li>Normalment, aquest dret l&#8217;haur\u00e0 d&#8217;exercir davant de la Xarxa Social.<\/li>\n<\/ul>\n<ul>\n \t<li>Supressi\u00f3 i\/o Oposici\u00f3: Com en el cas anterior, nom\u00e9s es podr\u00e0 satisfer en relaci\u00f3 amb aquella informaci\u00f3 que estigui sota el control de la FUNDACI\u00d3 ECOTIC CLIMA, per exemple, deixar d&#8217;estar unit al perfil.<\/li>\n<\/ul>\n<div><\/div>\nLa FUNDACI\u00d3 ECOTIC CLIMA realitzar\u00e0 les actuacions seg\u00fcents:\n<ul>\n \t<li>Acc\u00e9s a la informaci\u00f3 p\u00fablica del perfil.<\/li>\n \t<li>Publicaci\u00f3 al perfil de l&#8217;usuari de tota aquella informaci\u00f3 ja publicada a la p\u00e0gina de la FUNDACI\u00d3 ECOTIC CLIMA.<\/li>\n \t<li>Enviar missatges personals i individuals a trav\u00e9s dels canals de la Xarxa Social.<\/li>\n \t<li>Actualitzacions de l&#8217;estat de la p\u00e0gina que es publicaran al perfil de l&#8217;usuari.<\/li>\n<\/ul>\n<div><\/div>\nL&#8217;usuari sempre pot controlar les connexions, eliminar els continguts que deixin d&#8217;interessar-li i restringir amb qui comparteix les connexions, per a aix\u00f2 haur\u00e0 d&#8217;accedir a la seva configuraci\u00f3 de privadesa.\n\n<strong>Publicacions<\/strong>\n\nL&#8217;usuari, un cop unit a la p\u00e0gina de la FUNDACI\u00d3 ECOTIC CLIMA, podr\u00e0 publicar en aquesta darrera comentaris, enlla\u00e7os, imatges o fotografies o qualsevol altre tipus de contingut multim\u00e8dia suportat per la Xarxa Social. L&#8217;usuari, en tots els casos, n&#8217;ha de ser el titular, gaudir dels drets d&#8217;autor i de propietat intel\u00b7lectual o comptar amb el consentiment dels tercers afectats. Es prohibeix expressament qualsevol publicaci\u00f3 a la p\u00e0gina, ja siguin textos, gr\u00e0fics, fotografies, v\u00eddeos, etc. que atemptin o siguin susceptibles d&#8217;atemptar contra la moral, l&#8217;\u00e8tica, el bon gust o el dec\u00f2rum, i\/o que infringeixin, violin o trenquin els drets de propietat intel\u00b7lectual o industrial, el dret a la imatge o la Llei. En aquests casos, la FUNDACI\u00d3 ECOTIC CLIMA es reserva el dret de retirar immediatament el contingut, podent sol\u00b7licitar el bloqueig permanent de l&#8217;usuari.\n\nLa FUNDACI\u00d3 ECOTIC CLIMA no es far\u00e0 responsable dels continguts que ha publicat lliurement un usuari.\n\nL&#8217;usuari ha de tenir present que les seves publicacions seran conegudes pels altres usuaris, per la qual cosa ell mateix \u00e9s el principal responsable de la seva privadesa.\n\nLes imatges que puguin publicar-se a la p\u00e0gina no seran emmagatzemades en cap fitxer per part de la FUNDACI\u00d3 ECOTIC CLIMA, per\u00f2 s\u00ed que romandran a la Xarxa Social.\n\n<strong>Concursos i promocions<\/strong>\n\nLa FUNDACI\u00d3 ECOTIC es reserva el dret a realitzar concursos i promocions, en qu\u00e8 podr\u00e0 participar l&#8217;usuari unit a la p\u00e0gina. Les bases de cadascun d&#8217;ells, quan s&#8217;utilitzi la plataforma de la Xarxa Social, seran publicades en aquesta. Complint sempre amb la LSSI-CE i amb qualsevol altra norma que li sigui aplicable.\n\nLa Xarxa Social no patrocina, avala ni administra, de cap manera, cap de les nostres promocions, ni est\u00e0 associada a cap.\n\n<strong>Publicitat<\/strong>\n\nLa FUNDACI\u00d3 ECOTIC CLIMA utilitzar\u00e0 la Xarxa Social per publicitar els seus productes i serveis, en tot cas, si decideix tractar les dades de contacte per realitzar accions directes de prospecci\u00f3 comercial, ser\u00e0 sempre, complint amb les exig\u00e8ncies legals de la de la normativa vigent de protecci\u00f3 de dades i de la LSSI-CE.\n\nNo es considerar\u00e0 publicitat el fet de recomanar a altres usuaris la p\u00e0gina de La FUNDACI\u00d3 ECOTIC CLIMA perqu\u00e8 tamb\u00e9 puguin gaudir de les promocions o estar informats de la seva activitat.\n\nA continuaci\u00f3, detallem l&#8217;enlla\u00e7 a la pol\u00edtica de privadesa de la\/les Xarxa\/es Social\/s:\n<br><br>\nFacebook: <a href=\"http:\/\/www.facebook.com\/help\/323540651073243\/\">http s:\/\/www.facebook.com\/help\/323540651073243\/<\/a>\n<br>\n\nTwitter:  \nhref=&#8221;https:\/\/twitter.com \/privacy&#8221;&gt;https:\/\/twitter.com \/privacy<\/a>\n<br>\nLinkedIn: <a href=\"https:\/\/www.linkedin.com\/legal\/privacy-policy\">https:\/\/www.linkedin.com\/legal\/privacy-policy<\/a>\n<br>\nYou Tube: <a href=\"https:\/\/www.youtube.com\/yt\/policyandsafety\/es\/\">https:\/\/www.youtube.com\/yt\/policyandsafety\/es\/<\/a>\n<br>\nGoogle+: <a href=\"http:\/\/www.google.com\/intl\/es_ES\/+\/policy\/index.html\">http:\/\/www.google.com\/intl\/es_ES\/+\/policy\/index.html<\/a>\t\t\t\t\t\t\t\t<\/div>\n\t\t\t\t<\/div>\n\t\t\t\t\t<\/div>\n\t\t\t\t<\/div>\n\t\t\t\t<\/div>\n\t\t","protected":false},"excerpt":{"rendered":"<p>ECOTIC Clima Pol\u00edtica de privacitat xarxes socials La FUNDACI\u00d3 ECOTIC CLIMA informa els usuaris, que ha creat un perfil a les Xarxes Socials Facebook, Twitter, LinkedIn, Google+ i YouTube, amb la finalitat principal de publicitar els seus productes i serveis. L&#8217;usuari pot accedir, en tot moment a les pol\u00edtiques de privadesa de la pr\u00f2pia Xarxa [&hellip;]<\/p>\n","protected":false},"author":2,"featured_media":0,"parent":3837,"menu_order":0,"comment_status":"closed","ping_status":"closed","template":"","meta":{"footnotes":""},"class_list":["post-3853","page","type-page","status-publish","hentry"],"yoast_head":"<!-- This site is optimized with the Yoast SEO plugin v27.4 - https:\/\/yoast.com\/product\/yoast-seo-wordpress\/ -->\n<title>Pol\u00edtica de privacitat xarxes socials - Ecotic Clima<\/title>\n<meta name=\"robots\" content=\"index, follow, max-snippet:-1, max-image-preview:large, max-video-preview:-1\" \/>\n<link rel=\"canonical\" href=\"https:\/\/ecotic-clima.es\/ca\/legal\/politica-de-privacitat-xarxes-socials\/\" \/>\n<meta property=\"og:locale\" content=\"ca_ES\" \/>\n<meta property=\"og:type\" content=\"article\" \/>\n<meta property=\"og:title\" content=\"Pol\u00edtica de privacitat xarxes socials - Ecotic Clima\" \/>\n<meta property=\"og:description\" content=\"ECOTIC Clima Pol\u00edtica de privacitat xarxes socials La FUNDACI\u00d3 ECOTIC CLIMA informa els usuaris, que ha creat un perfil a les Xarxes Socials Facebook, Twitter, LinkedIn, Google+ i YouTube, amb la finalitat principal de publicitar els seus productes i serveis. L&#8217;usuari pot accedir, en tot moment a les pol\u00edtiques de privadesa de la pr\u00f2pia Xarxa [&hellip;]\" \/>\n<meta property=\"og:url\" content=\"https:\/\/ecotic-clima.es\/ca\/legal\/politica-de-privacitat-xarxes-socials\/\" \/>\n<meta property=\"og:site_name\" content=\"Ecotic Clima\" \/>\n<meta property=\"article:modified_time\" content=\"2024-06-16T20:53:40+00:00\" \/>\n<meta name=\"twitter:card\" content=\"summary_large_image\" \/>\n<meta name=\"twitter:label1\" content=\"Temps estimat de lectura\" \/>\n\t<meta name=\"twitter:data1\" content=\"4 minuts\" \/>\n<script type=\"application\/ld+json\" class=\"yoast-schema-graph\">{\"@context\":\"https:\\\/\\\/schema.org\",\"@graph\":[{\"@type\":\"WebPage\",\"@id\":\"https:\\\/\\\/ecotic-clima.es\\\/ca\\\/legal\\\/politica-de-privacitat-xarxes-socials\\\/\",\"url\":\"https:\\\/\\\/ecotic-clima.es\\\/ca\\\/legal\\\/politica-de-privacitat-xarxes-socials\\\/\",\"name\":\"Pol\u00edtica de privacitat xarxes socials - Ecotic Clima\",\"isPartOf\":{\"@id\":\"https:\\\/\\\/ecotic-clima.es\\\/ca\\\/#website\"},\"datePublished\":\"2023-05-14T16:32:58+00:00\",\"dateModified\":\"2024-06-16T20:53:40+00:00\",\"breadcrumb\":{\"@id\":\"https:\\\/\\\/ecotic-clima.es\\\/ca\\\/legal\\\/politica-de-privacitat-xarxes-socials\\\/#breadcrumb\"},\"inLanguage\":\"ca\",\"potentialAction\":[{\"@type\":\"ReadAction\",\"target\":[\"https:\\\/\\\/ecotic-clima.es\\\/ca\\\/legal\\\/politica-de-privacitat-xarxes-socials\\\/\"]}]},{\"@type\":\"BreadcrumbList\",\"@id\":\"https:\\\/\\\/ecotic-clima.es\\\/ca\\\/legal\\\/politica-de-privacitat-xarxes-socials\\\/#breadcrumb\",\"itemListElement\":[{\"@type\":\"ListItem\",\"position\":1,\"name\":\"Portada\",\"item\":\"https:\\\/\\\/ecotic-clima.es\\\/ca\\\/\"},{\"@type\":\"ListItem\",\"position\":2,\"name\":\"legal\",\"item\":\"https:\\\/\\\/ecotic-clima.es\\\/ca\\\/legal\\\/\"},{\"@type\":\"ListItem\",\"position\":3,\"name\":\"Pol\u00edtica de privacitat xarxes socials\"}]},{\"@type\":\"WebSite\",\"@id\":\"https:\\\/\\\/ecotic-clima.es\\\/ca\\\/#website\",\"url\":\"https:\\\/\\\/ecotic-clima.es\\\/ca\\\/\",\"name\":\"Ecotic Clima\",\"description\":\"Ecotic Clima\",\"publisher\":{\"@id\":\"https:\\\/\\\/ecotic-clima.es\\\/ca\\\/#organization\"},\"potentialAction\":[{\"@type\":\"SearchAction\",\"target\":{\"@type\":\"EntryPoint\",\"urlTemplate\":\"https:\\\/\\\/ecotic-clima.es\\\/ca\\\/?s={search_term_string}\"},\"query-input\":{\"@type\":\"PropertyValueSpecification\",\"valueRequired\":true,\"valueName\":\"search_term_string\"}}],\"inLanguage\":\"ca\"},{\"@type\":\"Organization\",\"@id\":\"https:\\\/\\\/ecotic-clima.es\\\/ca\\\/#organization\",\"name\":\"Ecotic Clima\",\"url\":\"https:\\\/\\\/ecotic-clima.es\\\/ca\\\/\",\"logo\":{\"@type\":\"ImageObject\",\"inLanguage\":\"ca\",\"@id\":\"https:\\\/\\\/ecotic-clima.es\\\/ca\\\/#\\\/schema\\\/logo\\\/image\\\/\",\"url\":\"https:\\\/\\\/ecotic-clima.es\\\/wp-content\\\/uploads\\\/2022\\\/05\\\/logo_neg.png\",\"contentUrl\":\"https:\\\/\\\/ecotic-clima.es\\\/wp-content\\\/uploads\\\/2022\\\/05\\\/logo_neg.png\",\"width\":163,\"height\":61,\"caption\":\"Ecotic Clima\"},\"image\":{\"@id\":\"https:\\\/\\\/ecotic-clima.es\\\/ca\\\/#\\\/schema\\\/logo\\\/image\\\/\"}}]}<\/script>\n<!-- \/ Yoast SEO plugin. -->","yoast_head_json":{"title":"Pol\u00edtica de privacitat xarxes socials - Ecotic Clima","robots":{"index":"index","follow":"follow","max-snippet":"max-snippet:-1","max-image-preview":"max-image-preview:large","max-video-preview":"max-video-preview:-1"},"canonical":"https:\/\/ecotic-clima.es\/ca\/legal\/politica-de-privacitat-xarxes-socials\/","og_locale":"ca_ES","og_type":"article","og_title":"Pol\u00edtica de privacitat xarxes socials - Ecotic Clima","og_description":"ECOTIC Clima Pol\u00edtica de privacitat xarxes socials La FUNDACI\u00d3 ECOTIC CLIMA informa els usuaris, que ha creat un perfil a les Xarxes Socials Facebook, Twitter, LinkedIn, Google+ i YouTube, amb la finalitat principal de publicitar els seus productes i serveis. L&#8217;usuari pot accedir, en tot moment a les pol\u00edtiques de privadesa de la pr\u00f2pia Xarxa [&hellip;]","og_url":"https:\/\/ecotic-clima.es\/ca\/legal\/politica-de-privacitat-xarxes-socials\/","og_site_name":"Ecotic Clima","article_modified_time":"2024-06-16T20:53:40+00:00","twitter_card":"summary_large_image","twitter_misc":{"Temps estimat de lectura":"4 minuts"},"schema":{"@context":"https:\/\/schema.org","@graph":[{"@type":"WebPage","@id":"https:\/\/ecotic-clima.es\/ca\/legal\/politica-de-privacitat-xarxes-socials\/","url":"https:\/\/ecotic-clima.es\/ca\/legal\/politica-de-privacitat-xarxes-socials\/","name":"Pol\u00edtica de privacitat xarxes socials - Ecotic Clima","isPartOf":{"@id":"https:\/\/ecotic-clima.es\/ca\/#website"},"datePublished":"2023-05-14T16:32:58+00:00","dateModified":"2024-06-16T20:53:40+00:00","breadcrumb":{"@id":"https:\/\/ecotic-clima.es\/ca\/legal\/politica-de-privacitat-xarxes-socials\/#breadcrumb"},"inLanguage":"ca","potentialAction":[{"@type":"ReadAction","target":["https:\/\/ecotic-clima.es\/ca\/legal\/politica-de-privacitat-xarxes-socials\/"]}]},{"@type":"BreadcrumbList","@id":"https:\/\/ecotic-clima.es\/ca\/legal\/politica-de-privacitat-xarxes-socials\/#breadcrumb","itemListElement":[{"@type":"ListItem","position":1,"name":"Portada","item":"https:\/\/ecotic-clima.es\/ca\/"},{"@type":"ListItem","position":2,"name":"legal","item":"https:\/\/ecotic-clima.es\/ca\/legal\/"},{"@type":"ListItem","position":3,"name":"Pol\u00edtica de privacitat xarxes socials"}]},{"@type":"WebSite","@id":"https:\/\/ecotic-clima.es\/ca\/#website","url":"https:\/\/ecotic-clima.es\/ca\/","name":"Ecotic Clima","description":"Ecotic Clima","publisher":{"@id":"https:\/\/ecotic-clima.es\/ca\/#organization"},"potentialAction":[{"@type":"SearchAction","target":{"@type":"EntryPoint","urlTemplate":"https:\/\/ecotic-clima.es\/ca\/?s={search_term_string}"},"query-input":{"@type":"PropertyValueSpecification","valueRequired":true,"valueName":"search_term_string"}}],"inLanguage":"ca"},{"@type":"Organization","@id":"https:\/\/ecotic-clima.es\/ca\/#organization","name":"Ecotic Clima","url":"https:\/\/ecotic-clima.es\/ca\/","logo":{"@type":"ImageObject","inLanguage":"ca","@id":"https:\/\/ecotic-clima.es\/ca\/#\/schema\/logo\/image\/","url":"https:\/\/ecotic-clima.es\/wp-content\/uploads\/2022\/05\/logo_neg.png","contentUrl":"https:\/\/ecotic-clima.es\/wp-content\/uploads\/2022\/05\/logo_neg.png","width":163,"height":61,"caption":"Ecotic Clima"},"image":{"@id":"https:\/\/ecotic-clima.es\/ca\/#\/schema\/logo\/image\/"}}]}},"_links":{"self":[{"href":"https:\/\/ecotic-clima.es\/ca\/wp-json\/wp\/v2\/pages\/3853","targetHints":{"allow":["GET"]}}],"collection":[{"href":"https:\/\/ecotic-clima.es\/ca\/wp-json\/wp\/v2\/pages"}],"about":[{"href":"https:\/\/ecotic-clima.es\/ca\/wp-json\/wp\/v2\/types\/page"}],"author":[{"embeddable":true,"href":"https:\/\/ecotic-clima.es\/ca\/wp-json\/wp\/v2\/users\/2"}],"replies":[{"embeddable":true,"href":"https:\/\/ecotic-clima.es\/ca\/wp-json\/wp\/v2\/comments?post=3853"}],"version-history":[{"count":1,"href":"https:\/\/ecotic-clima.es\/ca\/wp-json\/wp\/v2\/pages\/3853\/revisions"}],"predecessor-version":[{"id":3854,"href":"https:\/\/ecotic-clima.es\/ca\/wp-json\/wp\/v2\/pages\/3853\/revisions\/3854"}],"up":[{"embeddable":true,"href":"https:\/\/ecotic-clima.es\/ca\/wp-json\/wp\/v2\/pages\/3837"}],"wp:attachment":[{"href":"https:\/\/ecotic-clima.es\/ca\/wp-json\/wp\/v2\/media?parent=3853"}],"curies":[{"name":"wp","href":"https:\/\/api.w.org\/{rel}","templated":true}]}}